{"id":30,"date":"2014-11-21T16:44:30","date_gmt":"2014-11-21T14:44:30","guid":{"rendered":"http:\/\/kitt.de\/himmelseher_net\/?page_id=30"},"modified":"2023-02-06T20:06:46","modified_gmt":"2023-02-06T18:06:46","slug":"ueber-mich-2","status":"publish","type":"page","link":"http:\/\/himmelseher.net\/?page_id=30","title":{"rendered":"\u00dcber mich"},"content":{"rendered":"<p class=\"p1\"><span class=\"s1\">Ich bin bereits seit \u00fcber 25 Jahren erfolgreich als Gestalterin f\u00fcr visuelles Marketing&nbsp; t\u00e4tig.<\/span><\/p>\n<p class=\"p1\"><span class=\"s1\">Meine Ausbildung als Schaufenstergestalterin absolvierte ich in einem gro\u00dfen Kaufhaus. Genau 10 Jahre sp\u00e4ter beschloss ich, meinen eigenen Kundenstamm als Gestalterin f\u00fcr visuelles Marketing aufzubauen. Seitdem arbeite ich selbstst\u00e4ndig f\u00fcr verschiedene Branchen, darunter u.a. Modegesch\u00e4fte, B\u00e4ckereien, Metzgereien, Fris\u00f6re und Apotheken, usw.<\/span><\/p>\n<h6>Kreativit\u00e4t, die ankommt<\/h6>\n<p class=\"p1\"><span class=\"s1\">\u00dcber die Jahre erweiterte ich den Umfang meiner Dekorationsmaterialien, sodass ich f\u00fcr jeden Anlass die passende Dekoration anbieten kann. Ich entwickle und realisiere f\u00fcr Sie individuelle Gestaltungskonzepte, zugeschnitten auf Ihre R\u00e4umlichkeiten. Dabei kann ich mein handwerkliches Geschick immer neu unter Beweis stellen. Gerne verleihe oder verkaufe ich Ihnen auch passende Blickf\u00e4nge. <br>Sie und Ihre Kunden werden begeistert sein.<\/span><\/p>\n<p><a href=\"http:\/\/himmelseher.net\/himmelseher_net\/wp-content\/uploads\/2020\/01\/TEaser2_Neu_portr\u00e4t.jpg\" data-rel=\"lightbox-image-0\" data-rl_title=\"\" data-rl_caption=\"\" title=\"\"><img decoding=\"async\" loading=\"lazy\" class=\"alignnone wp-image-1330 \" src=\"http:\/\/himmelseher.net\/himmelseher_net\/wp-content\/uploads\/2020\/01\/TEaser2_Neu_portr\u00e4t-300x209.jpg\" alt=\"\" width=\"380\" height=\"265\"><\/a><\/p>\n<p>&nbsp;<\/p>\n<blockquote>\n<p><strong>Kreativ durch aktives Engagement<\/strong> \u2013 das ist die Philosophie meines Betriebes. Gro\u00dfen Wert lege ich dabei auf Ihre W\u00fcnsche und erzeuge mit meinen Arbeiten eine besondere Anziehungskraft. <br><b>Das Ergebnis: ein harmonisch gestaltetes Ganzes.<\/b><\/p>\n<\/blockquote>\n<p>&nbsp;<\/p>\n<p>&nbsp;<\/p>\n<hr>\n<p>&nbsp;<\/p>\n<p>&nbsp;<\/p>\n\n\n<p><\/p>\n","protected":false},"excerpt":{"rendered":"<p>Ich bin bereits seit \u00fcber 25 Jahren erfolgreich als Gestalterin f\u00fcr visuelles Marketing&nbsp; t\u00e4tig. Meine Ausbildung als Schaufenstergestalterin absolvierte ich in einem gro\u00dfen Kaufhaus. Genau 10 Jahre sp\u00e4ter beschloss ich, meinen eigenen Kundenstamm als Gestalterin f\u00fcr visuelles Marketing aufzubauen. Seitdem<\/p>\n","protected":false},"author":1,"featured_media":1330,"parent":0,"menu_order":0,"comment_status":"closed","ping_status":"open","template":"","meta":{"ngg_post_thumbnail":0},"_links":{"self":[{"href":"http:\/\/himmelseher.net\/index.php?rest_route=\/wp\/v2\/pages\/30"}],"collection":[{"href":"http:\/\/himmelseher.net\/index.php?rest_route=\/wp\/v2\/pages"}],"about":[{"href":"http:\/\/himmelseher.net\/index.php?rest_route=\/wp\/v2\/types\/page"}],"author":[{"embeddable":true,"href":"http:\/\/himmelseher.net\/index.php?rest_route=\/wp\/v2\/users\/1"}],"replies":[{"embeddable":true,"href":"http:\/\/himmelseher.net\/index.php?rest_route=%2Fwp%2Fv2%2Fcomments&post=30"}],"version-history":[{"count":34,"href":"http:\/\/himmelseher.net\/index.php?rest_route=\/wp\/v2\/pages\/30\/revisions"}],"predecessor-version":[{"id":1452,"href":"http:\/\/himmelseher.net\/index.php?rest_route=\/wp\/v2\/pages\/30\/revisions\/1452"}],"wp:featuredmedia":[{"embeddable":true,"href":"http:\/\/himmelseher.net\/index.php?rest_route=\/wp\/v2\/media\/1330"}],"wp:attachment":[{"href":"http:\/\/himmelseher.net\/index.php?rest_route=%2Fwp%2Fv2%2Fmedia&parent=30"}],"curies":[{"name":"wp","href":"https:\/\/api.w.org\/{rel}","templated":true}]}}