{"id":8,"date":"2014-11-20T23:25:01","date_gmt":"2014-11-20T21:25:01","guid":{"rendered":"http:\/\/kitt.de\/himmelseher_net\/?page_id=8"},"modified":"2015-07-31T23:46:24","modified_gmt":"2015-07-31T21:46:24","slug":"ueber-mich","status":"publish","type":"page","link":"http:\/\/himmelseher.net\/?page_id=8","title":{"rendered":"Impressum"},"content":{"rendered":"<p>Silvia Himmelseher<\/p>\n<p>Stuttgarter Stra\u00dfe 4<\/p>\n<p>75395 Ostelsheim<\/p>\n<p>Mail: <a href=\"mailto:silvia@himmelseher.net\">silvia@himmelseher.net<\/a><\/p>\n<p>Ust. ID: DE 176 035 566<\/p>\n<p>Haftungshinweis:<\/p>\n<p>Trotz sorgf\u00e4ltiger inhaltlicher Kontrolle \u00fcbernehmen wir keine Haftung<\/p>\n<p>f\u00fcr Inhalte externer Links. F\u00fcr den Inhalt der verlinkten Seiten sind<\/p>\n<p>ausschlie\u00dflich deren Betreiber verantwortlich.<\/p>\n<p>Das Kopieren und \u00dcbernehmen von Texten, Bildern, Dateien etc.<\/p>\n<p>ist ausdr\u00fccklich untersagt.<\/p>\n<p>&nbsp;<\/p>\n<p>&nbsp;<\/p>\n<p>&nbsp;<\/p>\n","protected":false},"excerpt":{"rendered":"<p>Silvia Himmelseher Stuttgarter Stra\u00dfe 4 75395 Ostelsheim Mail: silvia@himmelseher.net Ust. ID: DE 176 035 566 Haftungshinweis: Trotz sorgf\u00e4ltiger inhaltlicher Kontrolle \u00fcbernehmen wir keine Haftung f\u00fcr Inhalte externer Links. F\u00fcr den Inhalt der verlinkten Seiten sind ausschlie\u00dflich deren Betreiber verantwortlich. Das<\/p>\n","protected":false},"author":1,"featured_media":99,"parent":0,"menu_order":0,"comment_status":"closed","ping_status":"closed","template":"","meta":{"ngg_post_thumbnail":0},"_links":{"self":[{"href":"http:\/\/himmelseher.net\/index.php?rest_route=\/wp\/v2\/pages\/8"}],"collection":[{"href":"http:\/\/himmelseher.net\/index.php?rest_route=\/wp\/v2\/pages"}],"about":[{"href":"http:\/\/himmelseher.net\/index.php?rest_route=\/wp\/v2\/types\/page"}],"author":[{"embeddable":true,"href":"http:\/\/himmelseher.net\/index.php?rest_route=\/wp\/v2\/users\/1"}],"replies":[{"embeddable":true,"href":"http:\/\/himmelseher.net\/index.php?rest_route=%2Fwp%2Fv2%2Fcomments&post=8"}],"version-history":[{"count":16,"href":"http:\/\/himmelseher.net\/index.php?rest_route=\/wp\/v2\/pages\/8\/revisions"}],"predecessor-version":[{"id":193,"href":"http:\/\/himmelseher.net\/index.php?rest_route=\/wp\/v2\/pages\/8\/revisions\/193"}],"wp:featuredmedia":[{"embeddable":true,"href":"http:\/\/himmelseher.net\/index.php?rest_route=\/wp\/v2\/media\/99"}],"wp:attachment":[{"href":"http:\/\/himmelseher.net\/index.php?rest_route=%2Fwp%2Fv2%2Fmedia&parent=8"}],"curies":[{"name":"wp","href":"https:\/\/api.w.org\/{rel}","templated":true}]}}